{"id":1415,"date":"2016-02-12T07:54:41","date_gmt":"2016-02-12T07:54:41","guid":{"rendered":"http:\/\/demos.famethemes.com\/onepress\/?page_id=4"},"modified":"2026-03-17T16:10:36","modified_gmt":"2026-03-17T16:10:36","slug":"accueil","status":"publish","type":"page","link":"https:\/\/www.idfelec.fr\/","title":{"rendered":"IDF ELEC &#8211; Electricien | Oise | Somme, Val-d&rsquo;Oise, \u00cele-de-France &#8211; Vos projets sont aussi les n\u00f4tres !"},"content":{"rendered":"","protected":false},"excerpt":{"rendered":"","protected":false},"author":1,"featured_media":0,"parent":0,"menu_order":0,"comment_status":"closed","ping_status":"closed","template":"template-frontpage.php","meta":{"footnotes":""},"class_list":["post-1415","page","type-page","status-publish","hentry"],"yoast_head":"<!-- This site is optimized with the Yoast SEO plugin v27.2 - https:\/\/yoast.com\/product\/yoast-seo-wordpress\/ -->\n<title>IDF ELEC - Electricien | Oise | Somme, Val-d&#039;Oise, \u00cele-de-France - Vos projets sont aussi les n\u00f4tres ! - IDF ELEC - Electricien | Oise | Somme, Val-d&#039;Oise, \u00cele-de-France - Vos projets sont aussi les n\u00f4tres !<\/title>\n<meta name=\"robots\" content=\"index, follow, max-snippet:-1, max-image-preview:large, max-video-preview:-1\" \/>\n<link rel=\"canonical\" href=\"https:\/\/www.idfelec.fr\/\" \/>\n<meta property=\"og:locale\" content=\"fr_FR\" \/>\n<meta property=\"og:type\" content=\"article\" \/>\n<meta property=\"og:title\" content=\"IDF ELEC - Electricien | Oise | Somme, Val-d&#039;Oise, \u00cele-de-France - Vos projets sont aussi les n\u00f4tres ! - IDF ELEC - Electricien | Oise | Somme, Val-d&#039;Oise, \u00cele-de-France - Vos projets sont aussi les n\u00f4tres !\" \/>\n<meta property=\"og:url\" content=\"https:\/\/www.idfelec.fr\/\" \/>\n<meta property=\"og:site_name\" content=\"IDF ELEC - Electricien | Oise | Somme, Val-d&#039;Oise, \u00cele-de-France - Vos projets sont aussi les n\u00f4tres !\" \/>\n<meta property=\"article:publisher\" content=\"https:\/\/www.instagram.com\/idfelec\/\" \/>\n<meta property=\"article:modified_time\" content=\"2026-03-17T16:10:36+00:00\" \/>\n<meta name=\"twitter:card\" content=\"summary_large_image\" \/>\n<script type=\"application\/ld+json\" class=\"yoast-schema-graph\">{\"@context\":\"https:\/\/schema.org\",\"@graph\":[{\"@type\":\"WebPage\",\"@id\":\"https:\/\/www.idfelec.fr\/\",\"url\":\"https:\/\/www.idfelec.fr\/\",\"name\":\"IDF ELEC - Electricien | Oise | Somme, Val-d'Oise, \u00cele-de-France - Vos projets sont aussi les n\u00f4tres ! - IDF ELEC - Electricien | Oise | Somme, Val-d&#039;Oise, \u00cele-de-France - Vos projets sont aussi les n\u00f4tres !\",\"isPartOf\":{\"@id\":\"https:\/\/www.idfelec.fr\/#website\"},\"datePublished\":\"2016-02-12T07:54:41+00:00\",\"dateModified\":\"2026-03-17T16:10:36+00:00\",\"breadcrumb\":{\"@id\":\"https:\/\/www.idfelec.fr\/#breadcrumb\"},\"inLanguage\":\"fr-FR\",\"potentialAction\":[{\"@type\":\"ReadAction\",\"target\":[\"https:\/\/www.idfelec.fr\/\"]}]},{\"@type\":\"BreadcrumbList\",\"@id\":\"https:\/\/www.idfelec.fr\/#breadcrumb\",\"itemListElement\":[{\"@type\":\"ListItem\",\"position\":1,\"name\":\"Accueil\",\"item\":\"https:\/\/www.idfelec.fr\/\"},{\"@type\":\"ListItem\",\"position\":2,\"name\":\"IDF ELEC &#8211; Electricien | Oise | Somme, Val-d&rsquo;Oise, \u00cele-de-France &#8211; Vos projets sont aussi les n\u00f4tres !\"}]},{\"@type\":\"WebSite\",\"@id\":\"https:\/\/www.idfelec.fr\/#website\",\"url\":\"https:\/\/www.idfelec.fr\/\",\"name\":\"IDF ELEC - Electricien | Oise | Somme, Val-d'Oise, \u00cele-de-France\",\"description\":\"Vos projets sont aussi les n\u00f4tres !\",\"publisher\":{\"@id\":\"https:\/\/www.idfelec.fr\/#organization\"},\"potentialAction\":[{\"@type\":\"SearchAction\",\"target\":{\"@type\":\"EntryPoint\",\"urlTemplate\":\"https:\/\/www.idfelec.fr\/?s={search_term_string}\"},\"query-input\":{\"@type\":\"PropertyValueSpecification\",\"valueRequired\":true,\"valueName\":\"search_term_string\"}}],\"inLanguage\":\"fr-FR\"},{\"@type\":\"Organization\",\"@id\":\"https:\/\/www.idfelec.fr\/#organization\",\"name\":\"IDF ELEC - Electricien | Oise | Somme, Val-d'Oise, \u00cele-de-France\",\"url\":\"https:\/\/www.idfelec.fr\/\",\"logo\":{\"@type\":\"ImageObject\",\"inLanguage\":\"fr-FR\",\"@id\":\"https:\/\/www.idfelec.fr\/#\/schema\/logo\/image\/\",\"url\":\"https:\/\/www.idfelec.fr\/wp-content\/uploads\/2026\/03\/cropped-idf-elec.png\",\"contentUrl\":\"https:\/\/www.idfelec.fr\/wp-content\/uploads\/2026\/03\/cropped-idf-elec.png\",\"width\":681,\"height\":115,\"caption\":\"IDF ELEC - Electricien | Oise | Somme, Val-d'Oise, \u00cele-de-France\"},\"image\":{\"@id\":\"https:\/\/www.idfelec.fr\/#\/schema\/logo\/image\/\"},\"sameAs\":[\"https:\/\/www.instagram.com\/idfelec\/\"]}]}<\/script>\n<!-- \/ Yoast SEO plugin. -->","yoast_head_json":{"title":"IDF ELEC - Electricien | Oise | Somme, Val-d'Oise, \u00cele-de-France - Vos projets sont aussi les n\u00f4tres ! - IDF ELEC - Electricien | Oise | Somme, Val-d&#039;Oise, \u00cele-de-France - Vos projets sont aussi les n\u00f4tres !","robots":{"index":"index","follow":"follow","max-snippet":"max-snippet:-1","max-image-preview":"max-image-preview:large","max-video-preview":"max-video-preview:-1"},"canonical":"https:\/\/www.idfelec.fr\/","og_locale":"fr_FR","og_type":"article","og_title":"IDF ELEC - Electricien | Oise | Somme, Val-d'Oise, \u00cele-de-France - Vos projets sont aussi les n\u00f4tres ! - IDF ELEC - Electricien | Oise | Somme, Val-d&#039;Oise, \u00cele-de-France - Vos projets sont aussi les n\u00f4tres !","og_url":"https:\/\/www.idfelec.fr\/","og_site_name":"IDF ELEC - Electricien | Oise | Somme, Val-d&#039;Oise, \u00cele-de-France - Vos projets sont aussi les n\u00f4tres !","article_publisher":"https:\/\/www.instagram.com\/idfelec\/","article_modified_time":"2026-03-17T16:10:36+00:00","twitter_card":"summary_large_image","schema":{"@context":"https:\/\/schema.org","@graph":[{"@type":"WebPage","@id":"https:\/\/www.idfelec.fr\/","url":"https:\/\/www.idfelec.fr\/","name":"IDF ELEC - Electricien | Oise | Somme, Val-d'Oise, \u00cele-de-France - Vos projets sont aussi les n\u00f4tres ! - IDF ELEC - Electricien | Oise | Somme, Val-d&#039;Oise, \u00cele-de-France - Vos projets sont aussi les n\u00f4tres !","isPartOf":{"@id":"https:\/\/www.idfelec.fr\/#website"},"datePublished":"2016-02-12T07:54:41+00:00","dateModified":"2026-03-17T16:10:36+00:00","breadcrumb":{"@id":"https:\/\/www.idfelec.fr\/#breadcrumb"},"inLanguage":"fr-FR","potentialAction":[{"@type":"ReadAction","target":["https:\/\/www.idfelec.fr\/"]}]},{"@type":"BreadcrumbList","@id":"https:\/\/www.idfelec.fr\/#breadcrumb","itemListElement":[{"@type":"ListItem","position":1,"name":"Accueil","item":"https:\/\/www.idfelec.fr\/"},{"@type":"ListItem","position":2,"name":"IDF ELEC &#8211; Electricien | Oise | Somme, Val-d&rsquo;Oise, \u00cele-de-France &#8211; Vos projets sont aussi les n\u00f4tres !"}]},{"@type":"WebSite","@id":"https:\/\/www.idfelec.fr\/#website","url":"https:\/\/www.idfelec.fr\/","name":"IDF ELEC - Electricien | Oise | Somme, Val-d'Oise, \u00cele-de-France","description":"Vos projets sont aussi les n\u00f4tres !","publisher":{"@id":"https:\/\/www.idfelec.fr\/#organization"},"potentialAction":[{"@type":"SearchAction","target":{"@type":"EntryPoint","urlTemplate":"https:\/\/www.idfelec.fr\/?s={search_term_string}"},"query-input":{"@type":"PropertyValueSpecification","valueRequired":true,"valueName":"search_term_string"}}],"inLanguage":"fr-FR"},{"@type":"Organization","@id":"https:\/\/www.idfelec.fr\/#organization","name":"IDF ELEC - Electricien | Oise | Somme, Val-d'Oise, \u00cele-de-France","url":"https:\/\/www.idfelec.fr\/","logo":{"@type":"ImageObject","inLanguage":"fr-FR","@id":"https:\/\/www.idfelec.fr\/#\/schema\/logo\/image\/","url":"https:\/\/www.idfelec.fr\/wp-content\/uploads\/2026\/03\/cropped-idf-elec.png","contentUrl":"https:\/\/www.idfelec.fr\/wp-content\/uploads\/2026\/03\/cropped-idf-elec.png","width":681,"height":115,"caption":"IDF ELEC - Electricien | Oise | Somme, Val-d'Oise, \u00cele-de-France"},"image":{"@id":"https:\/\/www.idfelec.fr\/#\/schema\/logo\/image\/"},"sameAs":["https:\/\/www.instagram.com\/idfelec\/"]}]}},"_links":{"self":[{"href":"https:\/\/www.idfelec.fr\/index.php\/wp-json\/wp\/v2\/pages\/1415","targetHints":{"allow":["GET"]}}],"collection":[{"href":"https:\/\/www.idfelec.fr\/index.php\/wp-json\/wp\/v2\/pages"}],"about":[{"href":"https:\/\/www.idfelec.fr\/index.php\/wp-json\/wp\/v2\/types\/page"}],"author":[{"embeddable":true,"href":"https:\/\/www.idfelec.fr\/index.php\/wp-json\/wp\/v2\/users\/1"}],"replies":[{"embeddable":true,"href":"https:\/\/www.idfelec.fr\/index.php\/wp-json\/wp\/v2\/comments?post=1415"}],"version-history":[{"count":2,"href":"https:\/\/www.idfelec.fr\/index.php\/wp-json\/wp\/v2\/pages\/1415\/revisions"}],"predecessor-version":[{"id":1834,"href":"https:\/\/www.idfelec.fr\/index.php\/wp-json\/wp\/v2\/pages\/1415\/revisions\/1834"}],"wp:attachment":[{"href":"https:\/\/www.idfelec.fr\/index.php\/wp-json\/wp\/v2\/media?parent=1415"}],"curies":[{"name":"wp","href":"https:\/\/api.w.org\/{rel}","templated":true}]}}